{"id":3461,"date":"2026-03-18T16:44:57","date_gmt":"2026-03-18T16:44:57","guid":{"rendered":"https:\/\/combesproduct.com\/declaracion-de-accesibilidad\/"},"modified":"2026-03-30T13:26:36","modified_gmt":"2026-03-30T13:26:36","slug":"declaracion-de-accesibilidad","status":"publish","type":"page","link":"https:\/\/combesproduct.com\/es\/declaracion-de-accesibilidad\/","title":{"rendered":"Declaraci\u00f3n de accesibilidad"},"content":{"rendered":"<style>.wp-block-kadence-advancedheading.kt-adv-heading3292_91577c-22, .wp-block-kadence-advancedheading.kt-adv-heading3292_91577c-22[data-kb-block=\"kb-adv-heading3292_91577c-22\"]{font-style:normal;}.wp-block-kadence-advancedheading.kt-adv-heading3292_91577c-22 mark.kt-highlight, .wp-block-kadence-advancedheading.kt-adv-heading3292_91577c-22[data-kb-block=\"kb-adv-heading3292_91577c-22\"] mark.kt-highlight{font-style:normal;color:#f76a0c;-webkit-box-decoration-break:clone;box-decoration-break:clone;padding-top:0px;padding-right:0px;padding-bottom:0px;padding-left:0px;}.wp-block-kadence-advancedheading.kt-adv-heading3292_91577c-22 img.kb-inline-image, .wp-block-kadence-advancedheading.kt-adv-heading3292_91577c-22[data-kb-block=\"kb-adv-heading3292_91577c-22\"] img.kb-inline-image{width:150px;vertical-align:baseline;}<\/style>\n<p class=\"kt-adv-heading3292_91577c-22 wp-block-kadence-advancedheading\" data-kb-block=\"kb-adv-heading3292_91577c-22\">COMBES PRODUCT se compromete a ofrecer un sitio web totalmente accesible para todos los usuarios, incluidos aquellos que utilizan tecnolog\u00edas de apoyo, como lectores de pantalla, lupas de pantalla y dispositivos alternativos de entrada de teclado, para navegar por el sitio web.<\/p>\n\n<h2 class=\"wp-block-heading\">Situaci\u00f3n De Cumplimiento<\/h2>\n\n<p>Este sitio web es parcialmente conforme con el RD 1112\/2018 debido a la falta de conformidad de los aspectos que se indican a continuaci\u00f3n<\/p>\n\n<h2 class=\"wp-block-heading\">Esfuerzos Continuos Para Garantizar La Accesibilidad<\/h2>\n\n<p>Seguimos las <a href=\"https:\/\/www.w3.org\/TR\/WCAG21\/\">Pautas de Accesibilidad al Contenido en la Web (WCAG) versi\u00f3n 2.1 <\/a>como principio rector para determinar la accesibilidad. Se trata de normas acordadas internacionalmente que abarcan una amplia gama de recomendaciones y buenas pr\u00e1cticas para hacer que los contenidos sean utilizables. A medida que a\u00f1adimos nuevas p\u00e1ginas y funcionalidades a nuestro sitio web, todos los dise\u00f1os, c\u00f3digos y pr\u00e1cticas de introducci\u00f3n de contenidos se contrastan con estas normas.<\/p>\n\n<p>La accesibilidad del sitio web es un proceso continuo. Comprobamos continuamente que el contenido y las funciones cumplen con el nivel AA de las WCAG 2.1 y corregimos cualquier problema para asegurarnos de que cumplimos o superamos las normas.<\/p>\n\n<p>La utilizaci\u00f3n de alguno de los Contenidos o Servicios del Sitio Web podr\u00e1 hacerse mediante la suscripci\u00f3n o registro previo del Usuario.<\/p>\n\n<h2 class=\"wp-block-heading\">Contenido No Accesible<\/h2>\n\n<p>El contenido que se recoge a continuaci\u00f3n no es accesible por lo siguiente:<\/p>\n\n<ul class=\"wp-block-list\">\n<li>falta de conformidad con el RD 1112\/2018<\/li>\n\n\n\n<li>Se pueden encontrar im\u00e1genes sin que acompa\u00f1e texto explicativo.<\/li>\n\n\n\n<li>Se puede encontrar a\u00fan anidamientos incorrectos de etiquetas.<\/li>\n\n\n\n<li>Podr\u00edan existir fallos de edici\u00f3n en la p\u00e1gina web.<\/li>\n\n\n\n<li>Carga desproporcionada<\/li>\n\n\n\n<li>No aplica.<\/li>\n\n\n\n<li>El contenido no entra dentro del \u00e1mbito de la legislaci\u00f3n aplicable<\/li>\n\n\n\n<li>Existen archivos ofim\u00e1ticos en PDF que no cumplan en su totalidad todos los requisitos de accesibilidad.<\/li>\n<\/ul>\n\n<h2 class=\"wp-block-heading\">Preparaci\u00f3n De La Presente Declaraci\u00f3n De Accesibilidad:<\/h2>\n\n<p>La presente declaraci\u00f3n fue preparada el 18 de marzo de 2026.<\/p>\n\n<p>El m\u00e9todo empleado para preparar la declaraci\u00f3n ha sido una autoevaluaci\u00f3n llevada a cabo por el equipo de accesibilidad de la entidad.<\/p>\n\n<p>\u00daltima revisi\u00f3n de la declaraci\u00f3n: 18 de marzo de 2026.<\/p>\n\n<h3 class=\"wp-block-heading\">Observaciones Y Datos De Contacto:<\/h3>\n\n<p>Puede realizar comunicaciones sobre requisitos de accesibilidad (art\u00edculo 10.2.a) del RD 1112\/2018) como por ejemplo:<\/p>\n\n<ul class=\"wp-block-list\">\n<li>Informar sobre cualquier posible incumplimiento por parte de este sitio web.<\/li>\n\n\n\n<li>Transmitir otras dificultades de acceso al contenido.<\/li>\n\n\n\n<li>Formular cualquier otra consulta o sugerencia de mejora relativa a la accesibilidad del sitio web.<\/li>\n<\/ul>\n\n<p>Indicando en el Asunto: \u00abAccesibilidad Web\u00bb <br\/>Las comunicaciones ser\u00e1n recibidas y tratadas por el equipo de Accesibilidad.<\/p>\n\n<h3 class=\"wp-block-heading\">Accesibilidad En Nuestro Sitio Web<\/h3>\n\n<p>A continuaci\u00f3n figura una lista de elementos que hemos incluido en nuestro sitio web para mejorar su accesibilidad:<br\/><br\/><strong>Contenido opcional<\/strong><\/p>\n\n<p>A continuaci\u00f3n figura una lista de elementos que hemos incluido en nuestro sitio web para mejorar su accesibilidad: as ventajas que esto conlleva son, entre otras:<br\/>Facilitar el acceso de las personas independientemente de su condici\u00f3n f\u00edsica o de su entorno.<br\/>Incluir contenidos claros y bien estructurados.<br\/>Mejorar la navegaci\u00f3n y la experiencia del usuario.<br\/>Entre las medidas adoptadas:<\/p>\n\n<p><strong>Bot\u00f3n lateral izquierdo de Accesibilidad<\/strong><br\/>En todas las p\u00e1ginas de la web, cuentan con un bot\u00f3n en el lateral izquierdo con s\u00edmbolo de accesibilidad, que cuando pinchamos en el se abre un \u00abpop up\u00bb con las diferentes opciones de accesibilidad visual que pueden afectar a la p\u00e1gina web.<br\/><br\/><img loading=\"lazy\" decoding=\"async\" width=\"173\" height=\"171\" src=\"https:\/\/www.profundapsicologia.com\/wp-content\/uploads\/2025\/07\/Plugin-Accesibilidad-Icono-lateral.webp\" alt=\"\"\/><br\/><br\/><strong>Atajos de teclado<\/strong><br\/>Internet Explorer 6 o superiores: ALT + Tecla de acceso r\u00e1pido + Tecla ENTER<br\/>Mozilla Firefox 2.0 o superiores: ALT + MAYUSCULAS + Tecla de acceso r\u00e1pido (configuraci\u00f3n \u2013 avanzada en navegador con dos teclas)<br\/>Opera: Tecla May\u00fasculas + Esc para activar las teclas de acceso r\u00e1pido<br\/>MacOS: CONTROL + Tecla de acceso r\u00e1pido.<br\/>Chrome: ALT + Tecla de acceso r\u00e1pido.<\/p>\n\n<h3 class=\"wp-block-heading\">Contacto De Apoyo A La Accesibilidad<\/h3>\n\n<p>Agradecemos sus comentarios, preguntas y opiniones sobre nuestro sitio web. Si utiliza tecnolog\u00edas de apoyo y tiene dificultades para utilizar nuestro sitio web, env\u00edenos un correo electr\u00f3nico. Haremos todo lo posible por ayudarle y resolver sus problemas.<\/p>\n","protected":false},"excerpt":{"rendered":"<p>COMBES PRODUCT se compromete a ofrecer un sitio web totalmente accesible para todos los usuarios, incluidos aquellos que utilizan tecnolog\u00edas de apoyo, como lectores de pantalla, lupas de pantalla y dispositivos alternativos de entrada de teclado, para navegar por el sitio web. Situaci\u00f3n De Cumplimiento Este sitio web es parcialmente conforme con el RD 1112\/2018&#8230;<\/p>\n","protected":false},"author":1,"featured_media":0,"parent":0,"menu_order":0,"comment_status":"closed","ping_status":"closed","template":"","meta":{"_kadence_starter_templates_imported_post":false,"_kad_post_transparent":"","_kad_post_title":"","_kad_post_layout":"","_kad_post_sidebar_id":"","_kad_post_content_style":"","_kad_post_vertical_padding":"","_kad_post_feature":"","_kad_post_feature_position":"","_kad_post_header":false,"_kad_post_footer":false,"_kad_post_classname":"","footnotes":""},"class_list":["post-3461","page","type-page","status-publish","hentry"],"_links":{"self":[{"href":"https:\/\/combesproduct.com\/es\/wp-json\/wp\/v2\/pages\/3461","targetHints":{"allow":["GET"]}}],"collection":[{"href":"https:\/\/combesproduct.com\/es\/wp-json\/wp\/v2\/pages"}],"about":[{"href":"https:\/\/combesproduct.com\/es\/wp-json\/wp\/v2\/types\/page"}],"author":[{"embeddable":true,"href":"https:\/\/combesproduct.com\/es\/wp-json\/wp\/v2\/users\/1"}],"replies":[{"embeddable":true,"href":"https:\/\/combesproduct.com\/es\/wp-json\/wp\/v2\/comments?post=3461"}],"version-history":[{"count":1,"href":"https:\/\/combesproduct.com\/es\/wp-json\/wp\/v2\/pages\/3461\/revisions"}],"predecessor-version":[{"id":3462,"href":"https:\/\/combesproduct.com\/es\/wp-json\/wp\/v2\/pages\/3461\/revisions\/3462"}],"wp:attachment":[{"href":"https:\/\/combesproduct.com\/es\/wp-json\/wp\/v2\/media?parent=3461"}],"curies":[{"name":"wp","href":"https:\/\/api.w.org\/{rel}","templated":true}]}}